{"id":8077,"date":"2026-02-25T16:03:35","date_gmt":"2026-02-25T13:03:35","guid":{"rendered":"https:\/\/aromabistroo.ee\/?page_id=8077"},"modified":"2026-02-25T16:14:56","modified_gmt":"2026-02-25T13:14:56","slug":"naistepaeva-ohtusook","status":"publish","type":"page","link":"https:\/\/aromabistroo.ee\/en\/naistepaeva-ohtusook\/","title":{"rendered":"Naistep\u00e4eva \u00f5htus\u00f6\u00f6k"},"content":{"rendered":"<div data-elementor-type=\"wp-page\" data-elementor-id=\"8077\" class=\"elementor elementor-8077\" data-elementor-post-type=\"page\">\n\t\t\t\t<div class=\"elementor-element elementor-element-a3636b8 e-con-full e-flex e-con e-parent\" data-id=\"a3636b8\" data-element_type=\"container\">\n\t\t<div class=\"elementor-element elementor-element-59844b9 pt-section-content-fullwidth pt_scroll_y_120 pt-parallax-on-scroll e-con-full e-flex e-con e-child\" data-id=\"59844b9\" data-element_type=\"container\" data-settings=\"{&quot;background_background&quot;:&quot;classic&quot;}\" data-pt-parallax-y=\"120\" style=\"background-image: none;\" data-pt-background-image=\"https:\/\/aromabistroo.ee\/wp-content\/uploads\/2025\/10\/saal-5-of-13-scaled.jpg\">\n\t\t<div class=\"elementor-element elementor-element-d228633 dark-color e-con-full e-flex e-con e-child\" data-id=\"d228633\" data-element_type=\"container\">\n\t\t\t\t<div class=\"elementor-element elementor-element-a95b096 elementor-widget elementor-widget-pt_title\" data-id=\"a95b096\" data-element_type=\"widget\" data-widget_type=\"pt_title.default\">\n\t\t\t\t<div class=\"elementor-widget-container\">\n\t\t\t\t\t\n        <div class=\"pt-title-wrap text-center\">\t            <div class=\"pt-subtitle-wrap\"><span class=\"pt-subtitle color-white style-bordered\">Aroma bistroo<\/span><\/div>\t            <h1 class=\"pt-title\">\n\t                naistep\u00e4eva \u00f5htus\u00f6\u00f6k\t            <\/h1>        <\/div>\t\t\t\t<\/div>\n\t\t\t\t<\/div>\n\t\t\t\t<\/div>\n\t\t\t\t<\/div>\n\t\t\t\t<\/div>\n\t\t<div class=\"elementor-element elementor-element-31a8c32 e-flex e-con-boxed e-con e-parent\" data-id=\"31a8c32\" data-element_type=\"container\">\n\t\t\t\t\t<div class=\"e-con-inner\">\n\t\t\t\t<div class=\"elementor-element elementor-element-d9c5232 elementor-widget elementor-widget-text-editor\" data-id=\"d9c5232\" data-element_type=\"widget\" data-widget_type=\"text-editor.default\">\n\t\t\t\t<div class=\"elementor-widget-container\">\n\t\t\t\t\t\t\t\t\t<div class=\"x14z9mp xat24cr x1lziwak x1vvkbs xtlvy1s x126k92a\"><h2 dir=\"auto\">Naised, mehed, abikaasad, isad, emad, kutsume Teid t\u00e4histama naistep\u00e4eva meeldej\u00e4\u00e4va \u00f5htuga!<\/h2><h3 dir=\"auto\">\u00a0<\/h3><\/div><div class=\"x14z9mp xat24cr x1lziwak x1vvkbs xtlvy1s x126k92a\"><h3 dir=\"auto\">Naistep\u00e4eva \u00f5htus\u00f6\u00f6k Aroma Bistroos<\/h3><div dir=\"auto\">\u00a0<\/div><div dir=\"auto\"><span class=\"html-span xexx8yu xyri2b x18d9i69 x1c1uobl x1hl2dhg x16tdsg8 x1vvkbs x3nfvp2 x1j61x8r x1fcty0u xdj266r xat24cr xm2jcoa x1mpyi22 xxymvpz xlup9mm x1kky2od\"><img decoding=\"async\" class=\"xz74otr x15mokao x1ga7v0g x16uus16 xbiv7yw\" src=\"https:\/\/static.xx.fbcdn.net\/images\/emoji.php\/v9\/t7e\/1\/16\/1f4c5.png\" alt=\"\ud83d\udcc5\" width=\"16\" height=\"16\" \/><\/span>Kuup\u00e4ev: 7. m\u00e4rts<\/div><div dir=\"auto\"><span class=\"html-span xexx8yu xyri2b x18d9i69 x1c1uobl x1hl2dhg x16tdsg8 x1vvkbs x3nfvp2 x1j61x8r x1fcty0u xdj266r xat24cr xm2jcoa x1mpyi22 xxymvpz xlup9mm x1kky2od\"><img decoding=\"async\" class=\"xz74otr x15mokao x1ga7v0g x16uus16 xbiv7yw\" src=\"https:\/\/static.xx.fbcdn.net\/images\/emoji.php\/v9\/t2d\/1\/16\/1f555.png\" alt=\"\ud83d\udd55\" width=\"16\" height=\"16\" \/><\/span>Kell: 18:00<\/div><div dir=\"auto\">Koht: Aroma Bistroo, Veski 1, Tallinn<\/div><div dir=\"auto\">\u00d5htu sisaldab: hubast \u00f5hkkonda, maitsvat \u00f5htus\u00f6\u00f6ki ja elavat muusikat.<\/div><div dir=\"auto\">\u00a0<\/div><\/div><div class=\"x14z9mp xat24cr x1lziwak x1vvkbs xtlvy1s x126k92a\"><div dir=\"auto\">Men\u00fc\u00fc \u2014 Meie peakoka Silver Saa poolt hoolikalt valitud ja t\u00e4iuslikuks tehtud toidumen\u00fc\u00fc, mis just sai suurep\u00e4rast tagasisidet ToiduNautleja n\u00e4dala raames. Saabumisel pakume esimesi suupisteid koos kihiseva mulliga.<\/div><div dir=\"auto\">\u00a0<\/div><\/div><div class=\"x14z9mp xat24cr x1lziwak x1vvkbs xtlvy1s x126k92a\"><div dir=\"auto\"><strong>1. Minikreveti skagen, brioche, forellimari<\/strong><\/div><div dir=\"auto\"><strong>2. Stracciatella ja Itaalia tsitrused, valge balsamico<\/strong><\/div><div dir=\"auto\"><strong>3. F\u00e4\u00e4ri l\u00f5he, nuikapsas, kimchi, verjus kaste<\/strong><\/div><div dir=\"auto\"><strong>4. Valge \u0161okolaadi mousse, sidrunhein, astelpaju, yuzu<\/strong><\/div><div dir=\"auto\">\u00a0<\/div><\/div><div class=\"x14z9mp xat24cr x1lziwak x1vvkbs xtlvy1s x126k92a\"><div dir=\"auto\">Men\u00fc\u00fc hind <strong>59eur\/in<\/strong> sisaldab suupisteid, kihisevat tervitusjooki ja 4-k\u00e4igulist men\u00fc\u00fcd. Kirjuta meile info@aromabistroo.ee ja kinnita oma broneering.<\/div><div dir=\"auto\">\u00a0<\/div><\/div><div class=\"x14z9mp xat24cr x1lziwak x1vvkbs xtlvy1s x126k92a\"><div dir=\"auto\">Lisaks suurep\u00e4rasele men\u00fc\u00fcle lisab \u00f5htus\u00f6\u00f6gi k\u00f5rvale meeleolukat muusikat Paul Daniel! <span class=\"html-span xexx8yu xyri2b x18d9i69 x1c1uobl x1hl2dhg x16tdsg8 x1vvkbs x3nfvp2 x1j61x8r x1fcty0u xdj266r xat24cr xm2jcoa x1mpyi22 xxymvpz xlup9mm x1kky2od\"><img decoding=\"async\" class=\"xz74otr x15mokao x1ga7v0g x16uus16 xbiv7yw\" src=\"https:\/\/static.xx.fbcdn.net\/images\/emoji.php\/v9\/t21\/1\/16\/1f3b8.png\" alt=\"\ud83c\udfb8\" width=\"16\" height=\"16\" \/><\/span> Paul Daniel (s.1977) on kitarrist. Ta on l\u00f5petanud 2007. aastal Eesti Muusika ja Teatriakadeemia jazzmuusika erialal. Aastail 2005\/06 t\u00e4iendas end jazzmuusikas Saksamaal. Omab magistrikraadi klassikalise kompositsiooni erialal (EMTA 2023).On muusikuna aktiivne erinevates ansamblites ja projektides, nii pop-jazz, kui ka klassikalise muusika \u017eanrites. Nt Siim Aimla Funk Band, metsosopran Kadri Tegelmann, Liisi Koikson, Marek Sadam, Lauri Saatpalu, vanamuusika ansambel Floridante jt.<\/div><div dir=\"auto\">\u00a0<\/div><\/div><div class=\"x14z9mp xat24cr x1lziwak x1vvkbs xtlvy1s x126k92a\"><div dir=\"auto\">\u00c4ra j\u00e4ta plaanid viimasele hetkele ja tee broneering juba t\u00e4na!<\/div><div dir=\"auto\">\u00a0<\/div><\/div><div class=\"x14z9mp xat24cr x1lziwak x1vvkbs xtlvy1s x126k92a\"><div dir=\"auto\">Kohtumiseni Aromas!<\/div><\/div>\t\t\t\t\t\t\t\t<\/div>\n\t\t\t\t<\/div>\n\t\t\t\t\t<\/div>\n\t\t\t\t<\/div>\n\t\t<div class=\"elementor-element elementor-element-49a7b66 e-flex e-con-boxed e-con e-parent\" data-id=\"49a7b66\" data-element_type=\"container\">\n\t\t\t\t\t<div class=\"e-con-inner\">\n\t\t\t\t<div class=\"elementor-element elementor-element-739be67 elementor-widget elementor-widget-gallery\" data-id=\"739be67\" data-element_type=\"widget\" data-settings=\"{&quot;lazyload&quot;:&quot;yes&quot;,&quot;gallery_layout&quot;:&quot;grid&quot;,&quot;columns&quot;:4,&quot;columns_tablet&quot;:2,&quot;columns_mobile&quot;:1,&quot;gap&quot;:{&quot;unit&quot;:&quot;px&quot;,&quot;size&quot;:10,&quot;sizes&quot;:[]},&quot;gap_tablet&quot;:{&quot;unit&quot;:&quot;px&quot;,&quot;size&quot;:10,&quot;sizes&quot;:[]},&quot;gap_mobile&quot;:{&quot;unit&quot;:&quot;px&quot;,&quot;size&quot;:10,&quot;sizes&quot;:[]},&quot;link_to&quot;:&quot;file&quot;,&quot;aspect_ratio&quot;:&quot;3:2&quot;,&quot;overlay_background&quot;:&quot;yes&quot;,&quot;content_hover_animation&quot;:&quot;fade-in&quot;}\" data-widget_type=\"gallery.default\">\n\t\t\t\t<div class=\"elementor-widget-container\">\n\t\t\t\t\t\t\t<div class=\"elementor-gallery__container\">\n\t\t\t\t\t\t\t<a class=\"e-gallery-item elementor-gallery-item elementor-animated-content\" href=\"https:\/\/aromabistroo.ee\/wp-content\/uploads\/2025\/11\/artisokk-1-of-1-1-scaled.jpg\" data-elementor-open-lightbox=\"yes\" data-elementor-lightbox-slideshow=\"739be67\" data-elementor-lightbox-title=\"arti\u0161okk (1 of 1)\" data-e-action-hash=\"#elementor-action%3Aaction%3Dlightbox%26settings%3DeyJpZCI6Nzk3NCwidXJsIjoiaHR0cHM6XC9cL2Fyb21hYmlzdHJvby5lZVwvd3AtY29udGVudFwvdXBsb2Fkc1wvMjAyNVwvMTFcL2FydGlzb2trLTEtb2YtMS0xLXNjYWxlZC5qcGciLCJzbGlkZXNob3ciOiI3MzliZTY3In0%3D\">\n\t\t\t\t\t<div class=\"e-gallery-image elementor-gallery-item__image\" data-thumbnail=\"https:\/\/aromabistroo.ee\/wp-content\/uploads\/2025\/11\/artisokk-1-of-1-1-261x300.jpg\" data-width=\"261\" data-height=\"300\" aria-label=\"\" role=\"img\" ><\/div>\n\t\t\t\t\t\t\t\t\t\t\t<div class=\"elementor-gallery-item__overlay\"><\/div>\n\t\t\t\t\t\t\t\t\t\t\t\t\t\t<\/a>\n\t\t\t\t\t\t\t<a class=\"e-gallery-item elementor-gallery-item elementor-animated-content\" href=\"https:\/\/aromabistroo.ee\/wp-content\/uploads\/2025\/11\/deguss-1-of-2-3-scaled.jpg\" data-elementor-open-lightbox=\"yes\" data-elementor-lightbox-slideshow=\"739be67\" data-elementor-lightbox-title=\"deguss (1 of 2)\" data-e-action-hash=\"#elementor-action%3Aaction%3Dlightbox%26settings%3DeyJpZCI6Nzk4OCwidXJsIjoiaHR0cHM6XC9cL2Fyb21hYmlzdHJvby5lZVwvd3AtY29udGVudFwvdXBsb2Fkc1wvMjAyNVwvMTFcL2RlZ3Vzcy0xLW9mLTItMy1zY2FsZWQuanBnIiwic2xpZGVzaG93IjoiNzM5YmU2NyJ9\">\n\t\t\t\t\t<div class=\"e-gallery-image elementor-gallery-item__image\" data-thumbnail=\"https:\/\/aromabistroo.ee\/wp-content\/uploads\/2025\/11\/deguss-1-of-2-3-213x300.jpg\" data-width=\"213\" data-height=\"300\" aria-label=\"\" role=\"img\" ><\/div>\n\t\t\t\t\t\t\t\t\t\t\t<div class=\"elementor-gallery-item__overlay\"><\/div>\n\t\t\t\t\t\t\t\t\t\t\t\t\t\t<\/a>\n\t\t\t\t\t\t\t<a class=\"e-gallery-item elementor-gallery-item elementor-animated-content\" href=\"https:\/\/aromabistroo.ee\/wp-content\/uploads\/2025\/10\/saal-8-of-13-scaled.jpg\" data-elementor-open-lightbox=\"yes\" data-elementor-lightbox-slideshow=\"739be67\" data-elementor-lightbox-title=\"saal (8 of 13)\" data-e-action-hash=\"#elementor-action%3Aaction%3Dlightbox%26settings%3DeyJpZCI6NzgxNSwidXJsIjoiaHR0cHM6XC9cL2Fyb21hYmlzdHJvby5lZVwvd3AtY29udGVudFwvdXBsb2Fkc1wvMjAyNVwvMTBcL3NhYWwtOC1vZi0xMy1zY2FsZWQuanBnIiwic2xpZGVzaG93IjoiNzM5YmU2NyJ9\">\n\t\t\t\t\t<div class=\"e-gallery-image elementor-gallery-item__image\" data-thumbnail=\"https:\/\/aromabistroo.ee\/wp-content\/uploads\/2025\/10\/saal-8-of-13-300x200.jpg\" data-width=\"300\" data-height=\"200\" aria-label=\"\" role=\"img\" ><\/div>\n\t\t\t\t\t\t\t\t\t\t\t<div class=\"elementor-gallery-item__overlay\"><\/div>\n\t\t\t\t\t\t\t\t\t\t\t\t\t\t<\/a>\n\t\t\t\t\t\t\t<a class=\"e-gallery-item elementor-gallery-item elementor-animated-content\" href=\"https:\/\/aromabistroo.ee\/wp-content\/uploads\/2025\/10\/saal-9-of-13-scaled.jpg\" data-elementor-open-lightbox=\"yes\" data-elementor-lightbox-slideshow=\"739be67\" data-elementor-lightbox-title=\"saal (9 of 13)\" data-e-action-hash=\"#elementor-action%3Aaction%3Dlightbox%26settings%3DeyJpZCI6NzgxNiwidXJsIjoiaHR0cHM6XC9cL2Fyb21hYmlzdHJvby5lZVwvd3AtY29udGVudFwvdXBsb2Fkc1wvMjAyNVwvMTBcL3NhYWwtOS1vZi0xMy1zY2FsZWQuanBnIiwic2xpZGVzaG93IjoiNzM5YmU2NyJ9\">\n\t\t\t\t\t<div class=\"e-gallery-image elementor-gallery-item__image\" data-thumbnail=\"https:\/\/aromabistroo.ee\/wp-content\/uploads\/2025\/10\/saal-9-of-13-300x200.jpg\" data-width=\"300\" data-height=\"200\" aria-label=\"\" role=\"img\" ><\/div>\n\t\t\t\t\t\t\t\t\t\t\t<div class=\"elementor-gallery-item__overlay\"><\/div>\n\t\t\t\t\t\t\t\t\t\t\t\t\t\t<\/a>\n\t\t\t\t\t\t\t<a class=\"e-gallery-item elementor-gallery-item elementor-animated-content\" href=\"https:\/\/aromabistroo.ee\/wp-content\/uploads\/2025\/10\/saal-12-of-13-scaled.jpg\" data-elementor-open-lightbox=\"yes\" data-elementor-lightbox-slideshow=\"739be67\" data-elementor-lightbox-title=\"saal (12 of 13)\" data-e-action-hash=\"#elementor-action%3Aaction%3Dlightbox%26settings%3DeyJpZCI6NzgxOSwidXJsIjoiaHR0cHM6XC9cL2Fyb21hYmlzdHJvby5lZVwvd3AtY29udGVudFwvdXBsb2Fkc1wvMjAyNVwvMTBcL3NhYWwtMTItb2YtMTMtc2NhbGVkLmpwZyIsInNsaWRlc2hvdyI6IjczOWJlNjcifQ%3D%3D\">\n\t\t\t\t\t<div class=\"e-gallery-image elementor-gallery-item__image\" data-thumbnail=\"https:\/\/aromabistroo.ee\/wp-content\/uploads\/2025\/10\/saal-12-of-13-300x200.jpg\" data-width=\"300\" data-height=\"200\" aria-label=\"\" role=\"img\" ><\/div>\n\t\t\t\t\t\t\t\t\t\t\t<div class=\"elementor-gallery-item__overlay\"><\/div>\n\t\t\t\t\t\t\t\t\t\t\t\t\t\t<\/a>\n\t\t\t\t\t\t\t<a class=\"e-gallery-item elementor-gallery-item elementor-animated-content\" href=\"https:\/\/aromabistroo.ee\/wp-content\/uploads\/2025\/10\/saal-2-of-13-scaled.jpg\" data-elementor-open-lightbox=\"yes\" data-elementor-lightbox-slideshow=\"739be67\" data-elementor-lightbox-title=\"saal (2 of 13)\" data-e-action-hash=\"#elementor-action%3Aaction%3Dlightbox%26settings%3DeyJpZCI6NzgwOSwidXJsIjoiaHR0cHM6XC9cL2Fyb21hYmlzdHJvby5lZVwvd3AtY29udGVudFwvdXBsb2Fkc1wvMjAyNVwvMTBcL3NhYWwtMi1vZi0xMy1zY2FsZWQuanBnIiwic2xpZGVzaG93IjoiNzM5YmU2NyJ9\">\n\t\t\t\t\t<div class=\"e-gallery-image elementor-gallery-item__image\" data-thumbnail=\"https:\/\/aromabistroo.ee\/wp-content\/uploads\/2025\/10\/saal-2-of-13-224x300.jpg\" data-width=\"224\" data-height=\"300\" aria-label=\"\" role=\"img\" ><\/div>\n\t\t\t\t\t\t\t\t\t\t\t<div class=\"elementor-gallery-item__overlay\"><\/div>\n\t\t\t\t\t\t\t\t\t\t\t\t\t\t<\/a>\n\t\t\t\t\t\t\t<a class=\"e-gallery-item elementor-gallery-item elementor-animated-content\" href=\"https:\/\/aromabistroo.ee\/wp-content\/uploads\/2025\/10\/saal-5-of-13-scaled.jpg\" data-elementor-open-lightbox=\"yes\" data-elementor-lightbox-slideshow=\"739be67\" data-elementor-lightbox-title=\"saal (5 of 13)\" data-e-action-hash=\"#elementor-action%3Aaction%3Dlightbox%26settings%3DeyJpZCI6NzgxMiwidXJsIjoiaHR0cHM6XC9cL2Fyb21hYmlzdHJvby5lZVwvd3AtY29udGVudFwvdXBsb2Fkc1wvMjAyNVwvMTBcL3NhYWwtNS1vZi0xMy1zY2FsZWQuanBnIiwic2xpZGVzaG93IjoiNzM5YmU2NyJ9\">\n\t\t\t\t\t<div class=\"e-gallery-image elementor-gallery-item__image\" data-thumbnail=\"https:\/\/aromabistroo.ee\/wp-content\/uploads\/2025\/10\/saal-5-of-13-300x200.jpg\" data-width=\"300\" data-height=\"200\" aria-label=\"\" role=\"img\" ><\/div>\n\t\t\t\t\t\t\t\t\t\t\t<div class=\"elementor-gallery-item__overlay\"><\/div>\n\t\t\t\t\t\t\t\t\t\t\t\t\t\t<\/a>\n\t\t\t\t\t\t\t<a class=\"e-gallery-item elementor-gallery-item elementor-animated-content\" href=\"https:\/\/aromabistroo.ee\/wp-content\/uploads\/2025\/10\/saal-6-of-13-scaled.jpg\" data-elementor-open-lightbox=\"yes\" data-elementor-lightbox-slideshow=\"739be67\" data-elementor-lightbox-title=\"saal (6 of 13)\" data-e-action-hash=\"#elementor-action%3Aaction%3Dlightbox%26settings%3DeyJpZCI6NzgxMywidXJsIjoiaHR0cHM6XC9cL2Fyb21hYmlzdHJvby5lZVwvd3AtY29udGVudFwvdXBsb2Fkc1wvMjAyNVwvMTBcL3NhYWwtNi1vZi0xMy1zY2FsZWQuanBnIiwic2xpZGVzaG93IjoiNzM5YmU2NyJ9\">\n\t\t\t\t\t<div class=\"e-gallery-image elementor-gallery-item__image\" data-thumbnail=\"https:\/\/aromabistroo.ee\/wp-content\/uploads\/2025\/10\/saal-6-of-13-300x200.jpg\" data-width=\"300\" data-height=\"200\" aria-label=\"\" role=\"img\" ><\/div>\n\t\t\t\t\t\t\t\t\t\t\t<div class=\"elementor-gallery-item__overlay\"><\/div>\n\t\t\t\t\t\t\t\t\t\t\t\t\t\t<\/a>\n\t\t\t\t\t<\/div>\n\t\t\t\t\t<\/div>\n\t\t\t\t<\/div>\n\t\t\t\t\t<\/div>\n\t\t\t\t<\/div>\n\t\t\t\t<\/div>","protected":false},"excerpt":{"rendered":"<p>Aroma bistroo naistep\u00e4eva \u00f5htus\u00f6\u00f6k Naised, mehed, abikaasad, isad, emad, kutsume Teid t\u00e4histama naistep\u00e4eva meeldej\u00e4\u00e4va \u00f5htuga! \u00a0 Naistep\u00e4eva \u00f5htus\u00f6\u00f6k Aroma Bistroos \u00a0Kuup\u00e4ev: 7. m\u00e4rtsKell: 18:00Koht: Aroma Bistroo, Veski 1, Tallinn\u00d5htu sisaldab: hubast \u00f5hkkonda, maitsvat \u00f5htus\u00f6\u00f6ki ja elavat muusikat.\u00a0Men\u00fc\u00fc \u2014 Meie peakoka Silver Saa poolt hoolikalt valitud ja t\u00e4iuslikuks tehtud toidumen\u00fc\u00fc, mis just sai suurep\u00e4rast tagasisidet ToiduNautleja &#8230;<\/p>","protected":false},"author":3,"featured_media":0,"parent":0,"menu_order":0,"comment_status":"closed","ping_status":"closed","template":"","meta":{"patiotime_single_page_hide_site_header":"","patiotime_single_page_site_header_source":"","patiotime_single_page_custom_site_header":"","patiotime_single_page_custom_sticky_site_header":"","patiotime_single_page_custom_page_title_margin_top_source":"","patiotime_single_page_custom_page_title_desktop_margin_top":"","patiotime_single_page_custom_page_title_tablet_margin_top":"","patiotime_single_page_custom_page_title_mobile_margin_top":"","patiotime_single_page_hide_page_title":"on","patiotime_single_page_header_section_size":"","patiotime_single_page_header_background_color":"","patiotime_single_page_header_background_position_x":"center","patiotime_single_page_header_background_position_y":"center","patiotime_single_page_header_background_size":"cover","patiotime_single_page_header_background_repeat":"off","patiotime_single_page_header_background_scroll":"on","patiotime_single_page_header_text_color":"","patiotime_single_page_header_show_breadcrumb":"","patiotime_single_page_site_footer_hide_main":"","patiotime_single_custom_site_footer_main_source":"","patiotime_single_custom_site_footer_main":"","patiotime_single_page_site_footer_hide_above":"","patiotime_single_custom_site_footer_above_source":"","patiotime_single_custom_site_footer_above":"","patiotime_single_page_site_footer_hide_instagram":"","patiotime_single_page_site_footer_hide_bottom":"","patiotime_single_custom_mobile_menu_source":"","patiotime_single_custom_mobile_menu":"","patiotime_single_custom_mobile_menu_animation":"","patiotime_single_custom_mobile_menu_width":"","patiotime_single_custom_mobile_menu_custom_width":375,"footnotes":""},"class_list":["post-8077","page","type-page","status-publish","hentry"],"_links":{"self":[{"href":"https:\/\/aromabistroo.ee\/en\/wp-json\/wp\/v2\/pages\/8077","targetHints":{"allow":["GET"]}}],"collection":[{"href":"https:\/\/aromabistroo.ee\/en\/wp-json\/wp\/v2\/pages"}],"about":[{"href":"https:\/\/aromabistroo.ee\/en\/wp-json\/wp\/v2\/types\/page"}],"author":[{"embeddable":true,"href":"https:\/\/aromabistroo.ee\/en\/wp-json\/wp\/v2\/users\/3"}],"replies":[{"embeddable":true,"href":"https:\/\/aromabistroo.ee\/en\/wp-json\/wp\/v2\/comments?post=8077"}],"version-history":[{"count":7,"href":"https:\/\/aromabistroo.ee\/en\/wp-json\/wp\/v2\/pages\/8077\/revisions"}],"predecessor-version":[{"id":8085,"href":"https:\/\/aromabistroo.ee\/en\/wp-json\/wp\/v2\/pages\/8077\/revisions\/8085"}],"wp:attachment":[{"href":"https:\/\/aromabistroo.ee\/en\/wp-json\/wp\/v2\/media?parent=8077"}],"curies":[{"name":"wp","href":"https:\/\/api.w.org\/{rel}","templated":true}]}}