{"id":4892,"date":"2022-04-05T13:54:45","date_gmt":"2022-04-05T13:54:45","guid":{"rendered":"https:\/\/patiotime.loftocean.com\/demo2\/?page_id=4892"},"modified":"2025-12-09T14:00:35","modified_gmt":"2025-12-09T11:00:35","slug":"kontakt","status":"publish","type":"page","link":"https:\/\/aromabistroo.ee\/en\/kontakt\/","title":{"rendered":"Contact"},"content":{"rendered":"<div data-elementor-type=\"wp-page\" data-elementor-id=\"4892\" class=\"elementor elementor-4892\" data-elementor-post-type=\"page\">\n\t\t\t\t<div class=\"elementor-element elementor-element-80f8710 pt-section-content-fullwidth pt-parallax-on-scroll pt_scroll_y_120 e-flex e-con-boxed e-con e-parent\" data-id=\"80f8710\" data-element_type=\"container\" data-settings=\"{&quot;background_background&quot;:&quot;classic&quot;}\" data-pt-parallax-y=\"120\" style=\"background-image: none;\" data-pt-background-image=\"https:\/\/aromabistroo.ee\/wp-content\/uploads\/2025\/10\/saal-6-of-13-scaled.jpg\">\n\t\t\t\t\t<div class=\"e-con-inner\">\n\t\t<div class=\"elementor-element elementor-element-4ac3325 dark-color e-con-full e-flex e-con e-child\" data-id=\"4ac3325\" data-element_type=\"container\">\n\t\t\t\t<div class=\"elementor-element elementor-element-a3b77ed elementor-widget elementor-widget-pt_title\" data-id=\"a3b77ed\" data-element_type=\"widget\" data-widget_type=\"pt_title.default\">\n\t\t\t\t<div class=\"elementor-widget-container\">\n\t\t\t\t\t\n        <div class=\"pt-title-wrap text-center\">\t            <div class=\"pt-subtitle-wrap\"><span class=\"pt-subtitle color-white style-bordered\">aroma bistroo<\/span><\/div>\t            <h1 class=\"pt-title\">\n\t                Contact\t            <\/h1>        <\/div>\t\t\t\t<\/div>\n\t\t\t\t<\/div>\n\t\t\t\t<\/div>\n\t\t\t\t\t<\/div>\n\t\t\t\t<\/div>\n\t\t<div class=\"elementor-element elementor-element-7dec232 e-flex e-con-boxed e-con e-parent\" data-id=\"7dec232\" data-element_type=\"container\">\n\t\t\t\t\t<div class=\"e-con-inner\">\n\t\t<div class=\"elementor-element elementor-element-4d8f072 e-con-full e-flex e-con e-child\" data-id=\"4d8f072\" data-element_type=\"container\">\n\t\t\t\t<div class=\"elementor-element elementor-element-b40ef90 elementor-widget elementor-widget-pt_title\" data-id=\"b40ef90\" data-element_type=\"widget\" data-widget_type=\"pt_title.default\">\n\t\t\t\t<div class=\"elementor-widget-container\">\n\t\t\t\t\t\n        <div class=\"pt-title-wrap\">\t            <div class=\"pt-subtitle-wrap\"><span class=\"pt-subtitle\">Aroma bistroo<\/span><\/div>\t            <h5 class=\"pt-title\">\n\t                HOW TO FIND US\t            <\/h5>\t            <div class=\"pt-title-text\">\n\t                <div class=\"flex max-w-full flex-col flex-grow\"><div class=\"min-h-8 text-message flex w-full flex-col items-end gap-2 whitespace-normal break-words [.text-message+&amp;]:mt-5\" dir=\"auto\" data-message-author-role=\"assistant\" data-message-id=\"7fe01d65-77ff-440a-a0ad-0b993929c4f1\" data-message-model-slug=\"gpt-4o\"><div class=\"flex w-full flex-col gap-1 empty:hidden first:pt-[3px]\"><div class=\"markdown prose w-full break-words dark:prose-invert light\"><p>We are located in the Arter block, (<a href=\"https:\/\/arter.ee\/ettevotted\/restoranid\/restoran-aroma\/\" target=\"_blank\" rel=\"noopener\">arter.ee<\/a>) in the atrium, first floor, entrance from Liivalaia Street. We look forward to seeing you!<\/p><p>The map opens by clicking on the address below.<\/p><\/div><\/div><\/div><\/div>\t            <\/div>        <\/div>\t\t\t\t<\/div>\n\t\t\t\t<\/div>\n\t\t\t\t<div class=\"elementor-element elementor-element-3b9d1d8 elementor-widget elementor-widget-pt_info\" data-id=\"3b9d1d8\" data-element_type=\"widget\" data-widget_type=\"pt_info.default\">\n\t\t\t\t<div class=\"elementor-widget-container\">\n\t\t\t\t\t\t            <div class=\"pt-info pt-address\">\n\t                <a href=\"https:\/\/www.google.com\/maps\/@59.4296673,24.7592003,18.5z?entry=ttu&amp;g_ep=EgoyMDI0MTExMC4wIKXMDSoASAFQAw\">\t                    <i class=\"fas fa-map-marker-alt\"><\/i> Veski 1, Tallinn, 10132\t                <\/a>\t            <\/div>\t\t\t\t<\/div>\n\t\t\t\t<\/div>\n\t\t\t\t<div class=\"elementor-element elementor-element-b9abc86 elementor-widget elementor-widget-pt_info\" data-id=\"b9abc86\" data-element_type=\"widget\" data-widget_type=\"pt_info.default\">\n\t\t\t\t<div class=\"elementor-widget-container\">\n\t\t\t\t\t\t            <div class=\"pt-info pt-tel\">\n\t                <a href=\"tel:+372 600 5200\">\t                    <i class=\"fas fa-phone\"><\/i> +372 600 5200\t                <\/a>\t            <\/div>\t\t\t\t<\/div>\n\t\t\t\t<\/div>\n\t\t\t\t<div class=\"elementor-element elementor-element-f7fdeee elementor-widget elementor-widget-pt_info\" data-id=\"f7fdeee\" data-element_type=\"widget\" data-widget_type=\"pt_info.default\">\n\t\t\t\t<div class=\"elementor-widget-container\">\n\t\t\t\t\t\t            <div class=\"pt-info pt-email\">\n\t                <a href=\"mailto:info@aromabistroo.ee\">\t                    <i class=\"far fa-envelope\"><\/i> info@aromabistroo.ee\t                <\/a>\t            <\/div>\t\t\t\t<\/div>\n\t\t\t\t<\/div>\n\t\t\t\t<div class=\"elementor-element elementor-element-c3fc091 elementor-widget elementor-widget-pt_button\" data-id=\"c3fc091\" data-element_type=\"widget\" data-widget_type=\"pt_button.default\">\n\t\t\t\t<div class=\"elementor-widget-container\">\n\t\t\t\t\t        <a href=\"https:\/\/www.google.com\/maps\/@59.4296673,24.7592003,18.5z?entry=ttu&#038;g_ep=EgoyMDI0MTExMC4wIKXMDSoASAFQAw\" target=\"_blank\" class=\"elementor-button-link button pt-btn-outline\" role=\"button\">\n            <span class=\"pt-btn-text\">View on Google Maps<\/span>\n        <\/a>\t\t\t\t<\/div>\n\t\t\t\t<\/div>\n\t\t\t\t<\/div>\n\t\t<div class=\"elementor-element elementor-element-03ecfe6 elementor-hidden-tablet elementor-hidden-mobile e-con-full e-flex e-con e-child\" data-id=\"03ecfe6\" data-element_type=\"container\">\n\t\t\t\t<div class=\"elementor-element elementor-element-8d8adc9 full-height elementor-widget elementor-widget-pt_vertical_divider\" data-id=\"8d8adc9\" data-element_type=\"widget\" data-widget_type=\"pt_vertical_divider.default\">\n\t\t\t\t<div class=\"elementor-widget-container\">\n\t\t\t\t\t\n        <div class=\"pt-vertical-divider divider-grass\">                <div class=\"pt-vd-icon icon-start\">                    <svg xmlns=\"http:\/\/www.w3.org\/2000\/svg\" viewbox=\"0 0 31.06 29.67\">\n                        <path d=\"M36.53,21.85,31.78,18s-7.5.83-9.68,16.39C22.1,34.34,25.7,21.66,36.53,21.85Z\" transform=\"translate(-5.47 -4.66)\"><\/path>\n                        <path class=\"cls-1\" d=\"M5.47,21.85,10.22,18s7.5.83,9.68,16.39C19.9,34.34,16.3,21.66,5.47,21.85Z\" transform=\"translate(-5.47 -4.66)\"><\/path>\n                        <polygon class=\"cls-1\" points=\"15.53 0 18.66 6.56 15.53 22.16 12.39 6.56 15.53 0\"><\/polygon>\n                    <\/svg>                <\/div>            <div class=\"pt-vd-line\"><\/div>                <div class=\"pt-vd-icon icon-end\">                    <svg xmlns=\"http:\/\/www.w3.org\/2000\/svg\" viewbox=\"0 0 31.06 29.67\">\n                        <path d=\"M36.53,21.85,31.78,18s-7.5.83-9.68,16.39C22.1,34.34,25.7,21.66,36.53,21.85Z\" transform=\"translate(-5.47 -4.66)\"><\/path>\n                        <path class=\"cls-1\" d=\"M5.47,21.85,10.22,18s7.5.83,9.68,16.39C19.9,34.34,16.3,21.66,5.47,21.85Z\" transform=\"translate(-5.47 -4.66)\"><\/path>\n                        <polygon class=\"cls-1\" points=\"15.53 0 18.66 6.56 15.53 22.16 12.39 6.56 15.53 0\"><\/polygon>\n                    <\/svg>                <\/div>        <\/div>\t\t\t\t<\/div>\n\t\t\t\t<\/div>\n\t\t\t\t<\/div>\n\t\t<div class=\"elementor-element elementor-element-06594f1 e-con-full e-flex e-con e-child\" data-id=\"06594f1\" data-element_type=\"container\">\n\t\t\t\t<div class=\"elementor-element elementor-element-a45e865 elementor-widget elementor-widget-image\" data-id=\"a45e865\" data-element_type=\"widget\" data-widget_type=\"image.default\">\n\t\t\t\t<div class=\"elementor-widget-container\">\n\t\t\t\t\t\t\t\t\t\t\t\t\t\t\t<img fetchpriority=\"high\" decoding=\"async\" width=\"829\" height=\"1024\" src=\"https:\/\/aromabistroo.ee\/wp-content\/uploads\/2025\/10\/saal-10-of-13-829x1024.jpg\" class=\"attachment-large size-large wp-image-7817\" alt=\"\" srcset=\"https:\/\/aromabistroo.ee\/wp-content\/uploads\/2025\/10\/saal-10-of-13-829x1024.jpg 829w, https:\/\/aromabistroo.ee\/wp-content\/uploads\/2025\/10\/saal-10-of-13-243x300.jpg 243w, https:\/\/aromabistroo.ee\/wp-content\/uploads\/2025\/10\/saal-10-of-13-768x948.jpg 768w, https:\/\/aromabistroo.ee\/wp-content\/uploads\/2025\/10\/saal-10-of-13-1244x1536.jpg 1244w\" sizes=\"(max-width: 829px) 100vw, 829px\" \/>\t\t\t\t\t\t\t\t\t\t\t\t\t\t\t<\/div>\n\t\t\t\t<\/div>\n\t\t\t\t<\/div>\n\t\t\t\t\t<\/div>\n\t\t\t\t<\/div>\n\t\t<div class=\"elementor-element elementor-element-26b3ab0 pt-section-content-fullwidth e-flex e-con-boxed e-con e-parent\" data-id=\"26b3ab0\" data-element_type=\"container\" data-settings=\"{&quot;background_background&quot;:&quot;classic&quot;}\">\n\t\t\t\t\t<div class=\"e-con-inner\">\n\t\t<div class=\"elementor-element elementor-element-a3b5f04 e-con-full e-flex e-con e-child\" data-id=\"a3b5f04\" data-element_type=\"container\">\n\t\t\t\t<div class=\"elementor-element elementor-element-f5ac30e elementor-widget elementor-widget-pt_title\" data-id=\"f5ac30e\" data-element_type=\"widget\" data-widget_type=\"pt_title.default\">\n\t\t\t\t<div class=\"elementor-widget-container\">\n\t\t\t\t\t\n        <div class=\"pt-title-wrap\">\t            <div class=\"pt-subtitle-wrap\"><span class=\"pt-subtitle\">Get in touch<\/span><\/div>\t            <h5 class=\"pt-title\">\n\t                Contact\t            <\/h5>\t            <div class=\"pt-title-text\">\n\t                <p><strong>Inquiries:<\/strong> <a href=\"mailto:info@aromabistroo.ee\">info@aromabistroo.ee<\/a><\/p><p><strong>Book a table:<\/strong> <a href=\"mailto:broneering@aromabistroo.ee\">broneering@aromabistroo.ee<\/a><\/p><p><strong>Phone<\/strong> +372 600 5200<\/p><p><strong>Open:<\/strong><br \/>Mon - Fri 08-22:00<br \/>Sat 08-12:00 and 14-22:00<br \/>Sun 08-12:00<\/p>\t            <\/div>        <\/div>\t\t\t\t<\/div>\n\t\t\t\t<\/div>\n\t\t\t\t<\/div>\n\t\t<div class=\"elementor-element elementor-element-6b1e7c7 e-con-full e-flex e-con e-child\" data-id=\"6b1e7c7\" data-element_type=\"container\">\n\t\t\t\t<div class=\"elementor-element elementor-element-d271849 elementor-widget elementor-widget-pt_form_cf7\" data-id=\"d271849\" data-element_type=\"widget\" data-widget_type=\"pt_form_cf7.default\">\n\t\t\t\t<div class=\"elementor-widget-container\">\n\t\t\t\t\t            <div class=\"pt-form-cf7 placeholder-normal\">\n                <div class=\"pt-form-cf7-wrap\">\n<div class=\"wpcf7 no-js\" id=\"wpcf7-f4836-o1\" lang=\"en-US\" dir=\"ltr\" data-wpcf7-id=\"4836\">\n<div class=\"screen-reader-response\"><p role=\"status\" aria-live=\"polite\" aria-atomic=\"true\"><\/p> <ul><\/ul><\/div>\n<form action=\"\/en\/wp-json\/wp\/v2\/pages\/4892#wpcf7-f4836-o1\" method=\"post\" class=\"wpcf7-form init\" aria-label=\"Contact form\" novalidate=\"novalidate\" data-status=\"init\" data-trp-original-action=\"\/en\/wp-json\/wp\/v2\/pages\/4892#wpcf7-f4836-o1\">\n<div style=\"display: none;\">\n<input type=\"hidden\" name=\"_wpcf7\" value=\"4836\" \/>\n<input type=\"hidden\" name=\"_wpcf7_version\" value=\"6.0.3\" \/>\n<input type=\"hidden\" name=\"_wpcf7_locale\" value=\"en_US\" \/>\n<input type=\"hidden\" name=\"_wpcf7_unit_tag\" value=\"wpcf7-f4836-o1\" \/>\n<input type=\"hidden\" name=\"_wpcf7_container_post\" value=\"0\" \/>\n<input type=\"hidden\" name=\"_wpcf7_posted_data_hash\" value=\"\" \/>\n<\/div>\n<div class=\"row\">\n\t<div class=\"col-1-2\">\n\t\t<p><label> Your name<br \/>\n<span class=\"wpcf7-form-control-wrap\" data-name=\"your-name\"><input size=\"40\" maxlength=\"400\" class=\"wpcf7-form-control wpcf7-text wpcf7-validates-as-required\" aria-required=\"true\" aria-invalid=\"false\" value=\"\" type=\"text\" name=\"your-name\" \/><\/span> <\/label>\n\t\t<\/p>\n\t<\/div>\n\t<div class=\"col-1-2\">\n\t\t<p><label> Your E-Mail<br \/>\n<span class=\"wpcf7-form-control-wrap\" data-name=\"your-email\"><input size=\"40\" maxlength=\"400\" class=\"wpcf7-form-control wpcf7-email wpcf7-validates-as-required wpcf7-text wpcf7-validates-as-email\" aria-required=\"true\" aria-invalid=\"false\" value=\"\" type=\"email\" name=\"your-email\" \/><\/span> <\/label>\n\t\t<\/p>\n\t<\/div>\n<\/div>\n<p><label> Title<br \/>\n<span class=\"wpcf7-form-control-wrap\" data-name=\"your-subject\"><input size=\"40\" maxlength=\"400\" class=\"wpcf7-form-control wpcf7-text wpcf7-validates-as-required\" aria-required=\"true\" aria-invalid=\"false\" value=\"\" type=\"text\" name=\"your-subject\" \/><\/span> <\/label>\n<\/p>\n<p><label> Message<br \/>\n<span class=\"wpcf7-form-control-wrap\" data-name=\"your-message\"><textarea cols=\"40\" rows=\"10\" maxlength=\"2000\" class=\"wpcf7-form-control wpcf7-textarea\" aria-invalid=\"false\" name=\"your-message\"><\/textarea><\/span> <\/label>\n<\/p>\n<p><input class=\"wpcf7-form-control wpcf7-submit has-spinner\" type=\"submit\" value=\"SEND\" \/>\n<\/p><div class=\"wpcf7-response-output\" aria-hidden=\"true\"><\/div>\n<input type=\"hidden\" name=\"trp-form-language\" value=\"en\"\/><\/form>\n<\/div>\n<\/div>\n            <\/div>\t\t\t\t<\/div>\n\t\t\t\t<\/div>\n\t\t\t\t<\/div>\n\t\t\t\t\t<\/div>\n\t\t\t\t<\/div>\n\t\t\t\t<\/div>","protected":false},"excerpt":{"rendered":"<p>aroma bistroo Kontakt Aroma bistroo Kuidas meid leida Asume Arter kvartali (arter.ee) aatriumis, esimesel korrusel, sissep\u00e4\u00e4s Liivalaia t\u00e4nava poolt. Ootame Teid k\u00fclla! Kaart avaneb vajutades allpool olevale aadressile. Veski 1, Tallinn, 10132 +372 600 5200 info@aromabistroo.ee Vaata Google Mapsis V\u00f5ta \u00fchendust Kontakt P\u00e4ringud: info@aromabistroo.ee Broneeri laud: broneering@aromabistroo.ee Telefon: +372 600 5200 Avatud:E \u2013 R 08\u201322:00L\u00a0 &#8230;<\/p>","protected":false},"author":1,"featured_media":0,"parent":0,"menu_order":0,"comment_status":"closed","ping_status":"closed","template":"template-wide-content.php","meta":{"patiotime_single_page_hide_site_header":"","patiotime_single_page_site_header_source":"","patiotime_single_page_custom_site_header":"","patiotime_single_page_custom_sticky_site_header":"","patiotime_single_page_custom_page_title_margin_top_source":"","patiotime_single_page_custom_page_title_desktop_margin_top":"","patiotime_single_page_custom_page_title_tablet_margin_top":"","patiotime_single_page_custom_page_title_mobile_margin_top":"","patiotime_single_page_hide_page_title":"on","patiotime_single_page_header_section_size":"","patiotime_single_page_header_background_color":"","patiotime_single_page_header_background_position_x":"center","patiotime_single_page_header_background_position_y":"center","patiotime_single_page_header_background_size":"cover","patiotime_single_page_header_background_repeat":"off","patiotime_single_page_header_background_scroll":"on","patiotime_single_page_header_text_color":"","patiotime_single_page_header_show_breadcrumb":"","patiotime_single_page_site_footer_hide_main":"","patiotime_single_custom_site_footer_main_source":"","patiotime_single_custom_site_footer_main":"","patiotime_single_page_site_footer_hide_above":"on","patiotime_single_custom_site_footer_above_source":"","patiotime_single_custom_site_footer_above":"","patiotime_single_page_site_footer_hide_instagram":"","patiotime_single_page_site_footer_hide_bottom":"","patiotime_single_custom_mobile_menu_source":"","patiotime_single_custom_mobile_menu":"","patiotime_single_custom_mobile_menu_animation":"","patiotime_single_custom_mobile_menu_width":"","patiotime_single_custom_mobile_menu_custom_width":375,"footnotes":""},"class_list":["post-4892","page","type-page","status-publish","hentry"],"_links":{"self":[{"href":"https:\/\/aromabistroo.ee\/en\/wp-json\/wp\/v2\/pages\/4892","targetHints":{"allow":["GET"]}}],"collection":[{"href":"https:\/\/aromabistroo.ee\/en\/wp-json\/wp\/v2\/pages"}],"about":[{"href":"https:\/\/aromabistroo.ee\/en\/wp-json\/wp\/v2\/types\/page"}],"author":[{"embeddable":true,"href":"https:\/\/aromabistroo.ee\/en\/wp-json\/wp\/v2\/users\/1"}],"replies":[{"embeddable":true,"href":"https:\/\/aromabistroo.ee\/en\/wp-json\/wp\/v2\/comments?post=4892"}],"version-history":[{"count":104,"href":"https:\/\/aromabistroo.ee\/en\/wp-json\/wp\/v2\/pages\/4892\/revisions"}],"predecessor-version":[{"id":8023,"href":"https:\/\/aromabistroo.ee\/en\/wp-json\/wp\/v2\/pages\/4892\/revisions\/8023"}],"wp:attachment":[{"href":"https:\/\/aromabistroo.ee\/en\/wp-json\/wp\/v2\/media?parent=4892"}],"curies":[{"name":"wp","href":"https:\/\/api.w.org\/{rel}","templated":true}]}}