{"id":4890,"date":"2022-04-05T13:54:29","date_gmt":"2022-04-05T13:54:29","guid":{"rendered":"https:\/\/patiotime.loftocean.com\/demo2\/?page_id=4890"},"modified":"2025-12-09T13:38:13","modified_gmt":"2025-12-09T10:38:13","slug":"meist","status":"publish","type":"page","link":"https:\/\/aromabistroo.ee\/en\/meist\/","title":{"rendered":"Our Story"},"content":{"rendered":"<div data-elementor-type=\"wp-page\" data-elementor-id=\"4890\" class=\"elementor elementor-4890\" data-elementor-post-type=\"page\">\n\t\t\t\t<div class=\"elementor-element elementor-element-7dfee25 pt-section-content-fullwidth pt_scroll_y_120 pt-parallax-on-scroll e-flex e-con-boxed e-con e-parent\" data-id=\"7dfee25\" data-element_type=\"container\" data-settings=\"{&quot;background_background&quot;:&quot;classic&quot;}\" data-pt-parallax-y=\"120\" style=\"background-image: none;\" data-pt-background-image=\"https:\/\/aromabistroo.ee\/wp-content\/uploads\/2025\/10\/saal-5-of-13-scaled.jpg\">\n\t\t\t\t\t<div class=\"e-con-inner\">\n\t\t<div class=\"elementor-element elementor-element-9155cba dark-color e-con-full e-flex e-con e-child\" data-id=\"9155cba\" data-element_type=\"container\">\n\t\t\t\t<div class=\"elementor-element elementor-element-2388a59 elementor-widget elementor-widget-pt_title\" data-id=\"2388a59\" data-element_type=\"widget\" data-widget_type=\"pt_title.default\">\n\t\t\t\t<div class=\"elementor-widget-container\">\n\t\t\t\t\t\n        <div class=\"pt-title-wrap text-center\">\t            <div class=\"pt-subtitle-wrap\"><span class=\"pt-subtitle color-white style-bordered\">Aroma bistroo<\/span><\/div>\t            <h1 class=\"pt-title\">\n\t                Our story\t            <\/h1>        <\/div>\t\t\t\t<\/div>\n\t\t\t\t<\/div>\n\t\t\t\t<\/div>\n\t\t\t\t\t<\/div>\n\t\t\t\t<\/div>\n\t\t<div class=\"elementor-element elementor-element-0091641 e-flex e-con-boxed elementor-invisible e-con e-parent\" data-id=\"0091641\" data-element_type=\"container\" data-settings=\"{&quot;animation&quot;:&quot;fadeInUp&quot;}\">\n\t\t\t\t\t<div class=\"e-con-inner\">\n\t\t<div class=\"elementor-element elementor-element-7aa6dc3 e-con-full e-flex e-con e-child\" data-id=\"7aa6dc3\" data-element_type=\"container\">\n\t\t\t\t<div class=\"elementor-element elementor-element-da17e94 elementor-widget elementor-widget-image\" data-id=\"da17e94\" data-element_type=\"widget\" data-widget_type=\"image.default\">\n\t\t\t\t<div class=\"elementor-widget-container\">\n\t\t\t\t\t\t\t\t\t\t\t\t\t\t\t<img fetchpriority=\"high\" decoding=\"async\" width=\"740\" height=\"1024\" src=\"https:\/\/aromabistroo.ee\/wp-content\/uploads\/2024\/11\/silversaa-740x1024.jpg\" class=\"attachment-large size-large wp-image-6667\" alt=\"\" srcset=\"https:\/\/aromabistroo.ee\/wp-content\/uploads\/2024\/11\/silversaa-740x1024.jpg 740w, https:\/\/aromabistroo.ee\/wp-content\/uploads\/2024\/11\/silversaa-217x300.jpg 217w, https:\/\/aromabistroo.ee\/wp-content\/uploads\/2024\/11\/silversaa-768x1063.jpg 768w, https:\/\/aromabistroo.ee\/wp-content\/uploads\/2024\/11\/silversaa-1109x1536.jpg 1109w, https:\/\/aromabistroo.ee\/wp-content\/uploads\/2024\/11\/silversaa-1479x2048.jpg 1479w, https:\/\/aromabistroo.ee\/wp-content\/uploads\/2024\/11\/silversaa-1440x1994.jpg 1440w, https:\/\/aromabistroo.ee\/wp-content\/uploads\/2024\/11\/silversaa-1200x1662.jpg 1200w, https:\/\/aromabistroo.ee\/wp-content\/uploads\/2024\/11\/silversaa-780x1080.jpg 780w, https:\/\/aromabistroo.ee\/wp-content\/uploads\/2024\/11\/silversaa-600x831.jpg 600w, https:\/\/aromabistroo.ee\/wp-content\/uploads\/2024\/11\/silversaa-550x762.jpg 550w, https:\/\/aromabistroo.ee\/wp-content\/uploads\/2024\/11\/silversaa-370x512.jpg 370w, https:\/\/aromabistroo.ee\/wp-content\/uploads\/2024\/11\/silversaa-255x353.jpg 255w, https:\/\/aromabistroo.ee\/wp-content\/uploads\/2024\/11\/silversaa.jpg 1500w\" sizes=\"(max-width: 740px) 100vw, 740px\" \/>\t\t\t\t\t\t\t\t\t\t\t\t\t\t\t<\/div>\n\t\t\t\t<\/div>\n\t\t\t\t<\/div>\n\t\t<div class=\"elementor-element elementor-element-b5881e2 elementor-hidden-mobile e-con-full e-flex e-con e-child\" data-id=\"b5881e2\" data-element_type=\"container\">\n\t\t\t\t<div class=\"elementor-element elementor-element-734bf63 full-height elementor-widget elementor-widget-pt_vertical_divider\" data-id=\"734bf63\" data-element_type=\"widget\" data-widget_type=\"pt_vertical_divider.default\">\n\t\t\t\t<div class=\"elementor-widget-container\">\n\t\t\t\t\t\n        <div class=\"pt-vertical-divider divider-grass\">                <div class=\"pt-vd-icon icon-start\">                    <svg xmlns=\"http:\/\/www.w3.org\/2000\/svg\" viewbox=\"0 0 31.06 29.67\">\n                        <path d=\"M36.53,21.85,31.78,18s-7.5.83-9.68,16.39C22.1,34.34,25.7,21.66,36.53,21.85Z\" transform=\"translate(-5.47 -4.66)\"><\/path>\n                        <path class=\"cls-1\" d=\"M5.47,21.85,10.22,18s7.5.83,9.68,16.39C19.9,34.34,16.3,21.66,5.47,21.85Z\" transform=\"translate(-5.47 -4.66)\"><\/path>\n                        <polygon class=\"cls-1\" points=\"15.53 0 18.66 6.56 15.53 22.16 12.39 6.56 15.53 0\"><\/polygon>\n                    <\/svg>                <\/div>            <div class=\"pt-vd-line\"><\/div>                <div class=\"pt-vd-icon icon-end\">                    <svg xmlns=\"http:\/\/www.w3.org\/2000\/svg\" viewbox=\"0 0 31.06 29.67\">\n                        <path d=\"M36.53,21.85,31.78,18s-7.5.83-9.68,16.39C22.1,34.34,25.7,21.66,36.53,21.85Z\" transform=\"translate(-5.47 -4.66)\"><\/path>\n                        <path class=\"cls-1\" d=\"M5.47,21.85,10.22,18s7.5.83,9.68,16.39C19.9,34.34,16.3,21.66,5.47,21.85Z\" transform=\"translate(-5.47 -4.66)\"><\/path>\n                        <polygon class=\"cls-1\" points=\"15.53 0 18.66 6.56 15.53 22.16 12.39 6.56 15.53 0\"><\/polygon>\n                    <\/svg>                <\/div>        <\/div>\t\t\t\t<\/div>\n\t\t\t\t<\/div>\n\t\t\t\t<\/div>\n\t\t<div class=\"elementor-element elementor-element-08bc239 e-con-full e-flex e-con e-child\" data-id=\"08bc239\" data-element_type=\"container\">\n\t\t\t\t<div class=\"elementor-element elementor-element-dc68254 elementor-widget elementor-widget-pt_title\" data-id=\"dc68254\" data-element_type=\"widget\" data-widget_type=\"pt_title.default\">\n\t\t\t\t<div class=\"elementor-widget-container\">\n\t\t\t\t\t\n        <div class=\"pt-title-wrap text-center-mobile\">\t            <div class=\"pt-subtitle-wrap\"><span class=\"pt-subtitle\">ABOUT US<\/span><\/div>\t            <h5 class=\"pt-title\">\n\t                Aroma story\t            <\/h5>\t            <div class=\"pt-title-text\">\n\t                <p>Aroma was born from two big dreams and passions \u2013 Falstaff Chef of the Year Silver Saa and catering entrepreneur Toomas Lillemetsa\u2019s desire to create a bakery and restaurant offering authentic Mediterranean cuisine. Silver Saa, whose journey has taken him from restaurants Salt, Fabrik, Ore and Lahepere Villa, brings a wealth of experience and creative approach to his menu. In collaboration with Lillemetsa, whose passion for food culture and experience in the catering industry have created a strong foundation, we offer guests a warm and welcoming experience.<\/p>\t            <\/div>        <\/div>\t\t\t\t<\/div>\n\t\t\t\t<\/div>\n\t\t<div class=\"elementor-element elementor-element-3438fb2 e-con-full e-flex e-con e-child\" data-id=\"3438fb2\" data-element_type=\"container\">\n\t\t\t\t<div class=\"elementor-element elementor-element-ea01ee7 elementor-widget__width-auto elementor-view-default elementor-widget elementor-widget-icon\" data-id=\"ea01ee7\" data-element_type=\"widget\" data-widget_type=\"icon.default\">\n\t\t\t\t<div class=\"elementor-widget-container\">\n\t\t\t\t\t\t\t<div class=\"elementor-icon-wrapper\">\n\t\t\t<a class=\"elementor-icon\" href=\"https:\/\/www.facebook.com\/profile.php?id=61569510892945\" target=\"_blank\">\n\t\t\t<svg aria-hidden=\"true\" class=\"e-font-icon-svg e-fab-facebook-f\" viewbox=\"0 0 320 512\" xmlns=\"http:\/\/www.w3.org\/2000\/svg\"><path d=\"M279.14 288l14.22-92.66h-88.91v-60.13c0-25.35 12.42-50.06 52.24-50.06h40.42V6.26S260.43 0 225.36 0c-73.22 0-121.08 44.38-121.08 124.72v70.62H22.89V288h81.39v224h100.17V288z\"><\/path><\/svg>\t\t\t<\/a>\n\t\t<\/div>\n\t\t\t\t\t\t<\/div>\n\t\t\t\t<\/div>\n\t\t\t\t<div class=\"elementor-element elementor-element-d48059b elementor-widget__width-auto elementor-view-default elementor-widget elementor-widget-icon\" data-id=\"d48059b\" data-element_type=\"widget\" data-widget_type=\"icon.default\">\n\t\t\t\t<div class=\"elementor-widget-container\">\n\t\t\t\t\t\t\t<div class=\"elementor-icon-wrapper\">\n\t\t\t<a class=\"elementor-icon\" href=\"https:\/\/www.instagram.com\/aroma_bistroo\/\" target=\"_blank\">\n\t\t\t<svg aria-hidden=\"true\" class=\"e-font-icon-svg e-fab-instagram\" viewbox=\"0 0 448 512\" xmlns=\"http:\/\/www.w3.org\/2000\/svg\"><path d=\"M224.1 141c-63.6 0-114.9 51.3-114.9 114.9s51.3 114.9 114.9 114.9S339 319.5 339 255.9 287.7 141 224.1 141zm0 189.6c-41.1 0-74.7-33.5-74.7-74.7s33.5-74.7 74.7-74.7 74.7 33.5 74.7 74.7-33.6 74.7-74.7 74.7zm146.4-194.3c0 14.9-12 26.8-26.8 26.8-14.9 0-26.8-12-26.8-26.8s12-26.8 26.8-26.8 26.8 12 26.8 26.8zm76.1 27.2c-1.7-35.9-9.9-67.7-36.2-93.9-26.2-26.2-58-34.4-93.9-36.2-37-2.1-147.9-2.1-184.9 0-35.8 1.7-67.6 9.9-93.9 36.1s-34.4 58-36.2 93.9c-2.1 37-2.1 147.9 0 184.9 1.7 35.9 9.9 67.7 36.2 93.9s58 34.4 93.9 36.2c37 2.1 147.9 2.1 184.9 0 35.9-1.7 67.7-9.9 93.9-36.2 26.2-26.2 34.4-58 36.2-93.9 2.1-37 2.1-147.8 0-184.8zM398.8 388c-7.8 19.6-22.9 34.7-42.6 42.6-29.5 11.7-99.5 9-132.1 9s-102.7 2.6-132.1-9c-19.6-7.8-34.7-22.9-42.6-42.6-11.7-29.5-9-99.5-9-132.1s-2.6-102.7 9-132.1c7.8-19.6 22.9-34.7 42.6-42.6 29.5-11.7 99.5-9 132.1-9s102.7-2.6 132.1 9c19.6 7.8 34.7 22.9 42.6 42.6 11.7 29.5 9 99.5 9 132.1s2.7 102.7-9 132.1z\"><\/path><\/svg>\t\t\t<\/a>\n\t\t<\/div>\n\t\t\t\t\t\t<\/div>\n\t\t\t\t<\/div>\n\t\t\t\t<\/div>\n\t\t\t\t<div class=\"elementor-element elementor-element-ae85b15 elementor-widget elementor-widget-pt_button\" data-id=\"ae85b15\" data-element_type=\"widget\" data-widget_type=\"pt_button.default\">\n\t\t\t\t<div class=\"elementor-widget-container\">\n\t\t\t\t\t        <a href=\"https:\/\/aromabistroo.ee\/en\/kontakt\/\" class=\"elementor-button-link button pt-btn-outline\" role=\"button\">\n            <span class=\"pt-btn-text\">Get in touch<\/span>\n        <\/a>\t\t\t\t<\/div>\n\t\t\t\t<\/div>\n\t\t\t\t<\/div>\n\t\t\t\t\t<\/div>\n\t\t\t\t<\/div>\n\t\t<div class=\"elementor-element elementor-element-e80eed3 pt-section-content-fullwidth e-flex e-con-boxed e-con e-parent\" data-id=\"e80eed3\" data-element_type=\"container\" data-settings=\"{&quot;background_background&quot;:&quot;classic&quot;}\">\n\t\t\t\t\t<div class=\"e-con-inner\">\n\t\t<div class=\"elementor-element elementor-element-4654361 dark-color e-con-full e-flex e-con e-child\" data-id=\"4654361\" data-element_type=\"container\">\n\t\t\t\t<div class=\"elementor-element elementor-element-6fa0578 elementor-invisible elementor-widget elementor-widget-pt_testimonials\" data-id=\"6fa0578\" data-element_type=\"widget\" data-settings=\"{&quot;_animation&quot;:&quot;fadeIn&quot;,&quot;_animation_delay&quot;:200}\" data-widget_type=\"pt_testimonials.default\">\n\t\t\t\t<div class=\"elementor-widget-container\">\n\t\t\t\t\t\n            <div class=\"pt-testimonials testimonial-style-1 text-center testimonials-slider\" data-column=\"1\" data-autoplay=\"off\" data-autoplay-speed=\"5000\" data-show-arrows=\"on\" data-show-dots=\"on\"><div class=\"pt-ts-wrap\"><div class=\"pt-ts-item\">                    <div class=\"pt-testimonial\">                        <div class=\"pt-testimonial-content\">\"We offer a place with a warm, friendly and spacious atmosphere where people can socialize and enjoy good food.\"<\/div>                        <div class=\"pt-testimonial-meta\">\n                            <div class=\"elementor-testimonial-meta-inner\">\t                                <div class=\"elementor-testimonial-details\">\t                                    <div class=\"elementor-testimonial-name\">Silver and Toomas<\/div>\t\t\t\t\t\t\t\t\t<\/div>                            <\/div>\n                        <\/div>                    <\/div><\/div><\/div>            <\/div>\t\t\t\t<\/div>\n\t\t\t\t<\/div>\n\t\t\t\t<\/div>\n\t\t\t\t\t<\/div>\n\t\t\t\t<\/div>\n\t\t<div class=\"elementor-element elementor-element-5ceaaab e-flex e-con-boxed e-con e-parent\" data-id=\"5ceaaab\" data-element_type=\"container\" data-settings=\"{&quot;background_background&quot;:&quot;classic&quot;}\">\n\t\t\t\t\t<div class=\"e-con-inner\">\n\t\t<div class=\"elementor-element elementor-element-c8e461a e-con-full e-flex e-con e-child\" data-id=\"c8e461a\" data-element_type=\"container\">\n\t\t<div class=\"elementor-element elementor-element-e3aaa4e e-con-full e-flex e-con e-child\" data-id=\"e3aaa4e\" data-element_type=\"container\">\n\t\t<div class=\"elementor-element elementor-element-e6294f9 e-con-full e-flex e-con e-child\" data-id=\"e6294f9\" data-element_type=\"container\" data-settings=\"{&quot;background_background&quot;:&quot;classic&quot;}\">\n\t\t\t\t<div class=\"elementor-element elementor-element-c14ed98 pt-animation-medium-offset elementor-invisible elementor-widget elementor-widget-image\" data-id=\"c14ed98\" data-element_type=\"widget\" data-settings=\"{&quot;_animation&quot;:&quot;fadeInUp&quot;,&quot;_animation_delay&quot;:300}\" data-widget_type=\"image.default\">\n\t\t\t\t<div class=\"elementor-widget-container\">\n\t\t\t\t\t\t\t\t\t\t\t\t\t\t\t<img decoding=\"async\" src=\"https:\/\/aromabistroo.ee\/wp-content\/uploads\/2025\/10\/toidud-7-of-13-scaled.jpg\" title=\"toidud (7 of 13)\" alt=\"toidud (7 of 13)\" loading=\"lazy\" \/>\t\t\t\t\t\t\t\t\t\t\t\t\t\t\t<\/div>\n\t\t\t\t<\/div>\n\t\t\t\t<\/div>\n\t\t<div class=\"elementor-element elementor-element-cf6515d e-con-full e-flex e-con e-child\" data-id=\"cf6515d\" data-element_type=\"container\">\n\t\t\t\t<div class=\"elementor-element elementor-element-3adc566 pt-animation-medium-offset elementor-invisible elementor-widget elementor-widget-image\" data-id=\"3adc566\" data-element_type=\"widget\" data-settings=\"{&quot;_animation&quot;:&quot;fadeInUp&quot;,&quot;_animation_delay&quot;:100}\" data-widget_type=\"image.default\">\n\t\t\t\t<div class=\"elementor-widget-container\">\n\t\t\t\t\t\t\t\t\t\t\t\t\t\t\t<img decoding=\"async\" src=\"https:\/\/aromabistroo.ee\/wp-content\/uploads\/2025\/01\/250113_Aroma_Erlend_Staub195-scaled.jpg\" title=\"250113_Aroma_Erlend_S\u030ctaub195\" alt=\"250113_Aroma_Erlend_S\u030ctaub195\" loading=\"lazy\" \/>\t\t\t\t\t\t\t\t\t\t\t\t\t\t\t<\/div>\n\t\t\t\t<\/div>\n\t\t\t\t<div class=\"elementor-element elementor-element-f5b6a40 elementor-hidden-mobile elementor-widget elementor-widget-spacer\" data-id=\"f5b6a40\" data-element_type=\"widget\" data-widget_type=\"spacer.default\">\n\t\t\t\t<div class=\"elementor-widget-container\">\n\t\t\t\t\t\t\t<div class=\"elementor-spacer\">\n\t\t\t<div class=\"elementor-spacer-inner\"><\/div>\n\t\t<\/div>\n\t\t\t\t\t\t<\/div>\n\t\t\t\t<\/div>\n\t\t\t\t<\/div>\n\t\t\t\t<\/div>\n\t\t\t\t<\/div>\n\t\t<div class=\"elementor-element elementor-element-7ba2f96 e-con-full e-flex e-con e-child\" data-id=\"7ba2f96\" data-element_type=\"container\">\n\t\t\t\t<div class=\"elementor-element elementor-element-7ab8ebe elementor-widget elementor-widget-pt_title\" data-id=\"7ab8ebe\" data-element_type=\"widget\" data-widget_type=\"pt_title.default\">\n\t\t\t\t<div class=\"elementor-widget-container\">\n\t\t\t\t\t\n        <div class=\"pt-title-wrap\">\t            <div class=\"pt-subtitle-wrap\"><span class=\"pt-subtitle style-bordered\">Quality and balance<\/span><\/div>\t            <h5 class=\"pt-title\">\n\t                Passion for food\t            <\/h5>\t            <div class=\"pt-title-text\">\n\t                <p>Aroma aims to provide a place where everyone feels welcome \u2013 from breakfast to late dinner. Freshness and balance are at the heart of our menu, and authentic ingredients make every dish an experience. Whether it\u2019s warm bakery bread, pizzas from a live fire, or handmade pastas \u2013 our guests always come first. The atmosphere, service, and interior design complete our story \u2013 offering moments to savor.<\/p>\t            <\/div>        <\/div>\t\t\t\t<\/div>\n\t\t\t\t<\/div>\n\t\t\t\t<\/div>\n\t\t\t\t\t<\/div>\n\t\t\t\t<\/div>\n\t\t<div class=\"elementor-element elementor-element-6e62853 e-con-full pt-section-content-fullwidth e-flex e-con e-parent\" data-id=\"6e62853\" data-element_type=\"container\">\n\t\t<div class=\"elementor-element elementor-element-d01cb34 e-con-full e-flex e-con e-child\" data-id=\"d01cb34\" data-element_type=\"container\">\n\t\t\t\t<div class=\"elementor-element elementor-element-a20e203 elementor-widget elementor-widget-pt_instagram\" data-id=\"a20e203\" data-element_type=\"widget\" data-widget_type=\"pt_instagram.default\">\n\t\t\t\t<div class=\"elementor-widget-container\">\n\t\t\t\t\t\n        <div class=\"pt-instagram column-mosaic small-gap\">\t                <div class=\"pt-instagram-title\">\t                        <a href=\"https:\/\/www.instagram.com\/aroma_bistroo\/\" target=\"_blank\">@aroma_bistroo\t                        <\/a>\t                <\/div>\t                <ul>\t                        <li><div class=\"feed-bg\" style=\"background-image:url(https:\/\/aromabistroo.ee\/wp-content\/uploads\/2025\/10\/toidud-13-of-13-781x1024.jpg);\"><\/div><\/li>\t                        <li><div class=\"feed-bg\" style=\"background-image:url(https:\/\/aromabistroo.ee\/wp-content\/uploads\/2025\/10\/saal-3-of-13-1024x683.jpg);\"><\/div><\/li>\t                        <li><div class=\"feed-bg\" style=\"background-image:url(https:\/\/aromabistroo.ee\/wp-content\/uploads\/2025\/10\/saal-7-of-13-683x1024.jpg);\"><\/div><\/li>\t                        <li><div class=\"feed-bg\" style=\"background-image:url(https:\/\/aromabistroo.ee\/wp-content\/uploads\/2025\/10\/saal-13-of-13-1024x683.jpg);\"><\/div><\/li>\t                        <li><div class=\"feed-bg\" style=\"background-image:url(https:\/\/aromabistroo.ee\/wp-content\/uploads\/2025\/10\/toidud-6-of-13-1024x683.jpg);\"><\/div><\/li>\t                        <li><div class=\"feed-bg\" style=\"background-image:url(https:\/\/aromabistroo.ee\/wp-content\/uploads\/2025\/10\/saal-6-of-13-1024x683.jpg);\"><\/div><\/li>\t                <\/ul>        <\/div>\t\t\t\t<\/div>\n\t\t\t\t<\/div>\n\t\t\t\t<\/div>\n\t\t\t\t<\/div>\n\t\t\t\t<\/div>","protected":false},"excerpt":{"rendered":"<p>Aroma bistroo Meie lugu Meist Aroma lugu Aroma s\u00fcndis kahest suurest unistusest ja kirest \u2013 Falstaffi Aasta Kokk Silver Saa ja toitlustusettev\u00f5tja Toomas Lillemetsa soovist luua autentset Vahemere k\u00f6\u00f6ki pakkuv pagarikoda ja restoran. Silver Saa, kelle teekond on viinud teda restoranidest Salt, Fabrik, Ore ja Lahepere Villa, toob oma men\u00fc\u00fcsse rikkalikult kogemusi ja loomingulist l\u00e4henemist. &#8230;<\/p>","protected":false},"author":1,"featured_media":0,"parent":0,"menu_order":0,"comment_status":"closed","ping_status":"closed","template":"template-wide-content.php","meta":{"patiotime_single_page_hide_site_header":"","patiotime_single_page_site_header_source":"","patiotime_single_page_custom_site_header":"","patiotime_single_page_custom_sticky_site_header":"","patiotime_single_page_custom_page_title_margin_top_source":"","patiotime_single_page_custom_page_title_desktop_margin_top":"","patiotime_single_page_custom_page_title_tablet_margin_top":"","patiotime_single_page_custom_page_title_mobile_margin_top":"","patiotime_single_page_hide_page_title":"on","patiotime_single_page_header_section_size":"","patiotime_single_page_header_background_color":"","patiotime_single_page_header_background_position_x":"center","patiotime_single_page_header_background_position_y":"center","patiotime_single_page_header_background_size":"cover","patiotime_single_page_header_background_repeat":"off","patiotime_single_page_header_background_scroll":"on","patiotime_single_page_header_text_color":"","patiotime_single_page_header_show_breadcrumb":"","patiotime_single_page_site_footer_hide_main":"","patiotime_single_custom_site_footer_main_source":"","patiotime_single_custom_site_footer_main":"","patiotime_single_page_site_footer_hide_above":"","patiotime_single_custom_site_footer_above_source":"","patiotime_single_custom_site_footer_above":"","patiotime_single_page_site_footer_hide_instagram":"","patiotime_single_page_site_footer_hide_bottom":"","patiotime_single_custom_mobile_menu_source":"","patiotime_single_custom_mobile_menu":"","patiotime_single_custom_mobile_menu_animation":"","patiotime_single_custom_mobile_menu_width":"","patiotime_single_custom_mobile_menu_custom_width":375,"footnotes":""},"class_list":["post-4890","page","type-page","status-publish","hentry"],"_links":{"self":[{"href":"https:\/\/aromabistroo.ee\/en\/wp-json\/wp\/v2\/pages\/4890","targetHints":{"allow":["GET"]}}],"collection":[{"href":"https:\/\/aromabistroo.ee\/en\/wp-json\/wp\/v2\/pages"}],"about":[{"href":"https:\/\/aromabistroo.ee\/en\/wp-json\/wp\/v2\/types\/page"}],"author":[{"embeddable":true,"href":"https:\/\/aromabistroo.ee\/en\/wp-json\/wp\/v2\/users\/1"}],"replies":[{"embeddable":true,"href":"https:\/\/aromabistroo.ee\/en\/wp-json\/wp\/v2\/comments?post=4890"}],"version-history":[{"count":119,"href":"https:\/\/aromabistroo.ee\/en\/wp-json\/wp\/v2\/pages\/4890\/revisions"}],"predecessor-version":[{"id":8007,"href":"https:\/\/aromabistroo.ee\/en\/wp-json\/wp\/v2\/pages\/4890\/revisions\/8007"}],"wp:attachment":[{"href":"https:\/\/aromabistroo.ee\/en\/wp-json\/wp\/v2\/media?parent=4890"}],"curies":[{"name":"wp","href":"https:\/\/api.w.org\/{rel}","templated":true}]}}