{"id":4888,"date":"2022-04-05T13:54:15","date_gmt":"2022-04-05T13:54:15","guid":{"rendered":"https:\/\/patiotime.loftocean.com\/demo2\/?page_id=4888"},"modified":"2026-04-08T13:32:46","modified_gmt":"2026-04-08T10:32:46","slug":"home","status":"publish","type":"page","link":"https:\/\/aromabistroo.ee\/en\/","title":{"rendered":"Home"},"content":{"rendered":"<div data-elementor-type=\"wp-page\" data-elementor-id=\"4888\" class=\"elementor elementor-4888\" data-elementor-post-type=\"page\">\n\t\t\t\t<div class=\"elementor-element elementor-element-f87007f e-con-full e-flex e-con e-parent\" data-id=\"f87007f\" data-element_type=\"container\" data-settings=\"{&quot;background_background&quot;:&quot;classic&quot;}\">\n\t\t<div class=\"elementor-element elementor-element-36145d0 dark-color e-con-full e-flex e-con e-child\" data-id=\"36145d0\" data-element_type=\"container\">\n\t\t<div class=\"elementor-element elementor-element-8b95d08 e-con-full pt-section-content-fullwidth e-flex e-con e-child\" data-id=\"8b95d08\" data-element_type=\"container\" data-settings=\"{&quot;background_background&quot;:&quot;slideshow&quot;,&quot;background_slideshow_gallery&quot;:[{&quot;id&quot;:7820,&quot;url&quot;:&quot;https:\\\/\\\/aromabistroo.ee\\\/wp-content\\\/uploads\\\/2025\\\/10\\\/saal-13-of-13-scaled.jpg&quot;}],&quot;background_slideshow_ken_burns&quot;:&quot;yes&quot;,&quot;background_slideshow_loop&quot;:&quot;yes&quot;,&quot;background_slideshow_slide_duration&quot;:5000,&quot;background_slideshow_slide_transition&quot;:&quot;fade&quot;,&quot;background_slideshow_transition_duration&quot;:500,&quot;background_slideshow_ken_burns_zoom_direction&quot;:&quot;in&quot;}\">\n\t\t<div class=\"elementor-element elementor-element-9cf2fc4 e-con-full e-flex e-con e-child\" data-id=\"9cf2fc4\" data-element_type=\"container\">\n\t\t\t\t<div class=\"elementor-element elementor-element-f8ad6dd elementor-widget elementor-widget-pt_title\" data-id=\"f8ad6dd\" data-element_type=\"widget\" data-widget_type=\"pt_title.default\">\n\t\t\t\t<div class=\"elementor-widget-container\">\n\t\t\t\t\t\n        <div class=\"pt-title-wrap text-center\">\t            <div class=\"pt-subtitle-wrap\"><span class=\"pt-subtitle color-white style-bordered\">Welcome to AROMA<\/span><\/div>\t            <h2 class=\"pt-title\">\n\t                Mediterranean flavours and moments\t            <\/h2>\t            <div class=\"pt-title-text\">\n\t                <p>Arter quarter, 1. floor atrium<\/p>\t            <\/div>        <\/div>\t\t\t\t<\/div>\n\t\t\t\t<\/div>\n\t\t\t\t<\/div>\n\t\t<div class=\"elementor-element elementor-element-854ff75 e-flex e-con-boxed e-con e-child\" data-id=\"854ff75\" data-element_type=\"container\">\n\t\t\t\t\t<div class=\"e-con-inner\">\n\t\t\t\t<div class=\"elementor-element elementor-element-12ae787 elementor-widget__width-auto elementor-widget elementor-widget-pt_button\" data-id=\"12ae787\" data-element_type=\"widget\" data-widget_type=\"pt_button.default\">\n\t\t\t\t<div class=\"elementor-widget-container\">\n\t\t\t\t\t        <a href=\"https:\/\/aromabistroo.ee\/en\/hommikusook\/\" class=\"elementor-button-link button pt-btn-outline\" role=\"button\">\n            <span class=\"pt-btn-text\">Breakfast<\/span>\n        <\/a>\t\t\t\t<\/div>\n\t\t\t\t<\/div>\n\t\t\t\t<div class=\"elementor-element elementor-element-d4650fc elementor-widget__width-auto elementor-widget elementor-widget-pt_button\" data-id=\"d4650fc\" data-element_type=\"widget\" data-widget_type=\"pt_button.default\">\n\t\t\t\t<div class=\"elementor-widget-container\">\n\t\t\t\t\t        <a href=\"https:\/\/www.facebook.com\/profile.php?id=61569510892945\" target=\"_blank\" class=\"elementor-button-link button pt-btn-outline\" role=\"button\">\n            <span class=\"pt-btn-text\">Lunch<\/span>\n        <\/a>\t\t\t\t<\/div>\n\t\t\t\t<\/div>\n\t\t\t\t<div class=\"elementor-element elementor-element-1cbf8e8 elementor-widget__width-auto elementor-widget elementor-widget-pt_button\" data-id=\"1cbf8e8\" data-element_type=\"widget\" data-widget_type=\"pt_button.default\">\n\t\t\t\t<div class=\"elementor-widget-container\">\n\t\t\t\t\t        <a href=\"https:\/\/aromabistroo.ee\/wp-content\/uploads\/2026\/04\/Aroma-menuu-ESTxENG-uus-07.04.26-1.pdf\" target=\"_blank\" class=\"elementor-button-link button pt-btn-outline\" role=\"button\">\n            <span class=\"pt-btn-text\">A la Carte<\/span>\n        <\/a>\t\t\t\t<\/div>\n\t\t\t\t<\/div>\n\t\t\t\t<div class=\"elementor-element elementor-element-6b4d9cc elementor-widget__width-auto elementor-widget elementor-widget-pt_button\" data-id=\"6b4d9cc\" data-element_type=\"widget\" data-widget_type=\"pt_button.default\">\n\t\t\t\t<div class=\"elementor-widget-container\">\n\t\t\t\t\t        <a href=\"https:\/\/aromabistroo.ee\/en\/koogid\/\" class=\"elementor-button-link button pt-btn-outline\" role=\"button\">\n            <span class=\"pt-btn-text\">Pastries<\/span>\n        <\/a>\t\t\t\t<\/div>\n\t\t\t\t<\/div>\n\t\t\t\t<div class=\"elementor-element elementor-element-320b29b elementor-widget__width-auto elementor-widget elementor-widget-pt_button\" data-id=\"320b29b\" data-element_type=\"widget\" data-widget_type=\"pt_button.default\">\n\t\t\t\t<div class=\"elementor-widget-container\">\n\t\t\t\t\t        <a href=\"https:\/\/aromabistroo.ee\/wp-content\/uploads\/2025\/10\/Aroma-veinikaart-uus-13.10.25.pdf\" target=\"_blank\" class=\"elementor-button-link button pt-btn-outline\" role=\"button\">\n            <span class=\"pt-btn-text\">Drinks<\/span>\n        <\/a>\t\t\t\t<\/div>\n\t\t\t\t<\/div>\n\t\t\t\t\t<\/div>\n\t\t\t\t<\/div>\n\t\t\t\t<\/div>\n\t\t\t\t<\/div>\n\t\t\t\t<\/div>\n\t\t<div class=\"elementor-element elementor-element-abb0cb7 pt-section-content-fullwidth e-flex e-con-boxed e-con e-parent\" data-id=\"abb0cb7\" data-element_type=\"container\">\n\t\t\t\t\t<div class=\"e-con-inner\">\n\t\t<div class=\"elementor-element elementor-element-0a5cf23 e-con-full e-flex e-con e-child\" data-id=\"0a5cf23\" data-element_type=\"container\">\n\t\t<div class=\"elementor-element elementor-element-bdf3483 e-con-full e-flex e-con e-child\" data-id=\"bdf3483\" data-element_type=\"container\">\n\t\t<div class=\"elementor-element elementor-element-cd830af e-con-full e-flex e-con e-child\" data-id=\"cd830af\" data-element_type=\"container\">\n\t\t\t\t<div class=\"elementor-element elementor-element-1e90a0d elementor-widget elementor-widget-pt_title\" data-id=\"1e90a0d\" data-element_type=\"widget\" data-widget_type=\"pt_title.default\">\n\t\t\t\t<div class=\"elementor-widget-container\">\n\t\t\t\t\t\n        <div class=\"pt-title-wrap\">\t            <div class=\"pt-subtitle-wrap\"><span class=\"pt-subtitle style-bordered\">Aroma bistroo<\/span><\/div>\t            <h3 class=\"pt-title color-black\">\n\t                A journey of flavors\t            <\/h3>        <\/div>\t\t\t\t<\/div>\n\t\t\t\t<\/div>\n\t\t\t\t<\/div>\n\t\t\t\t<\/div>\n\t\t<div class=\"elementor-element elementor-element-7d1ccf5 e-con-full e-flex e-con e-child\" data-id=\"7d1ccf5\" data-element_type=\"container\">\n\t\t<div class=\"elementor-element elementor-element-dc7c077 e-con-full e-flex e-con e-child\" data-id=\"dc7c077\" data-element_type=\"container\">\n\t\t\t\t<div class=\"elementor-element elementor-element-ff3d24b elementor-widget elementor-widget-pt_title\" data-id=\"ff3d24b\" data-element_type=\"widget\" data-widget_type=\"pt_title.default\">\n\t\t\t\t<div class=\"elementor-widget-container\">\n\t\t\t\t\t\n        <div class=\"pt-title-wrap\">\t            <div class=\"pt-title-text\">\n\t                <p>Aroma is a place where delicious Mediterranean flavors, warm atmosphere and high end hospitality meet. Falstaff Chef of the Year Silver Saa and catering entrepreneur Toomas Lillemets are opening a bakery and restaurant in the Arter quarter, offering authentic Italian, Spanish, Greek, French and Turkish cuisine.\u00a0<\/p><p>You are welcome to enjoy fresh artisan bread, pizzas on a live fire, nutritious artisan pastas and lighter, seasonal dishes at any time of the day. Created to offer unforgettable taste experiences and the opportunity to enjoy lively moments in Tallinn's new meeting place in the heart of the city.<\/p>\t            <\/div>                <div class=\"pt-title-btn\">\n                    <a class=\"button elementor-button-link pt-btn-outline\" role=\"button\" href=\"https:\/\/aromabistroo.ee\/en\/meist\/\">\n                        <span class=\"pt-btn-text\">Our story<\/span>\n                    <\/a>\n                <\/div>\n                    <\/div>\t\t\t\t<\/div>\n\t\t\t\t<\/div>\n\t\t\t\t<\/div>\n\t\t<div class=\"elementor-element elementor-element-589924f e-con-full e-flex e-con e-child\" data-id=\"589924f\" data-element_type=\"container\">\n\t\t\t\t<\/div>\n\t\t\t\t<\/div>\n\t\t<div class=\"elementor-element elementor-element-9613fe6 e-con-full e-flex e-con e-child\" data-id=\"9613fe6\" data-element_type=\"container\">\n\t\t<div class=\"elementor-element elementor-element-f1fb847 e-con-full e-flex e-con e-child\" data-id=\"f1fb847\" data-element_type=\"container\">\n\t\t\t\t<div class=\"elementor-element elementor-element-434fd84 pt-animation-medium-offset elementor-invisible elementor-widget elementor-widget-image\" data-id=\"434fd84\" data-element_type=\"widget\" data-settings=\"{&quot;_animation&quot;:&quot;fadeInUp&quot;,&quot;_animation_delay&quot;:200}\" data-widget_type=\"image.default\">\n\t\t\t\t<div class=\"elementor-widget-container\">\n\t\t\t\t\t\t\t\t\t\t\t\t\t\t\t<img decoding=\"async\" src=\"https:\/\/aromabistroo.ee\/wp-content\/uploads\/2025\/10\/saal-10-of-13-scaled.jpg\" title=\"saal (10 of 13)\" alt=\"saal (10 of 13)\" loading=\"lazy\" \/>\t\t\t\t\t\t\t\t\t\t\t\t\t\t\t<\/div>\n\t\t\t\t<\/div>\n\t\t\t\t<\/div>\n\t\t<div class=\"elementor-element elementor-element-2c22493 e-con-full e-flex e-con e-child\" data-id=\"2c22493\" data-element_type=\"container\">\n\t\t\t\t<div class=\"elementor-element elementor-element-410e805 elementor-widget__width-auto elementor-absolute elementor-hidden-mobile pt-animation-medium-offset elementor-invisible elementor-widget elementor-widget-image\" data-id=\"410e805\" data-element_type=\"widget\" data-settings=\"{&quot;_position&quot;:&quot;absolute&quot;,&quot;_animation&quot;:&quot;fadeInUp&quot;,&quot;_animation_delay&quot;:100}\" data-widget_type=\"image.default\">\n\t\t\t\t<div class=\"elementor-widget-container\">\n\t\t\t\t\t\t\t\t\t\t\t\t\t\t\t<img decoding=\"async\" src=\"https:\/\/aromabistroo.ee\/wp-content\/uploads\/2025\/01\/250113_Aroma_Erlend_Staub126-scaled.jpg\" title=\"250113_Aroma_Erlend_S\u030ctaub126\" alt=\"250113_Aroma_Erlend_S\u030ctaub126\" loading=\"lazy\" \/>\t\t\t\t\t\t\t\t\t\t\t\t\t\t\t<\/div>\n\t\t\t\t<\/div>\n\t\t\t\t<\/div>\n\t\t\t\t<\/div>\n\t\t\t\t<\/div>\n\t\t\t\t\t<\/div>\n\t\t\t\t<\/div>\n\t\t<div class=\"elementor-element elementor-element-53950a0 pt-section-content-fullwidth e-flex e-con-boxed e-con e-parent\" data-id=\"53950a0\" data-element_type=\"container\">\n\t\t\t\t\t<div class=\"e-con-inner\">\n\t\t<div class=\"elementor-element elementor-element-2fedab6 e-con-full elementor-hidden-mobile e-flex e-con e-child\" data-id=\"2fedab6\" data-element_type=\"container\">\n\t\t<div class=\"elementor-element elementor-element-6fccea2 e-con-full e-flex e-con e-child\" data-id=\"6fccea2\" data-element_type=\"container\">\n\t\t<div class=\"elementor-element elementor-element-fbeed77 e-con-full e-flex e-con e-child\" data-id=\"fbeed77\" data-element_type=\"container\" data-settings=\"{&quot;background_background&quot;:&quot;classic&quot;}\">\n\t\t\t\t<div class=\"elementor-element elementor-element-1ea2b11 pt-animation-medium-offset elementor-invisible elementor-widget elementor-widget-image\" data-id=\"1ea2b11\" data-element_type=\"widget\" data-settings=\"{&quot;_animation&quot;:&quot;fadeInUp&quot;,&quot;_animation_delay&quot;:300}\" data-widget_type=\"image.default\">\n\t\t\t\t<div class=\"elementor-widget-container\">\n\t\t\t\t\t\t\t\t\t\t\t\t\t\t\t<img decoding=\"async\" src=\"https:\/\/aromabistroo.ee\/wp-content\/uploads\/2025\/10\/saal-1-of-13-scaled.jpg\" title=\"saal (1 of 13)\" alt=\"saal (1 of 13)\" loading=\"lazy\" \/>\t\t\t\t\t\t\t\t\t\t\t\t\t\t\t<\/div>\n\t\t\t\t<\/div>\n\t\t\t\t<\/div>\n\t\t<div class=\"elementor-element elementor-element-d9cc427 e-con-full e-flex e-con e-child\" data-id=\"d9cc427\" data-element_type=\"container\">\n\t\t\t\t<div class=\"elementor-element elementor-element-592e333 pt-animation-medium-offset elementor-invisible elementor-widget elementor-widget-image\" data-id=\"592e333\" data-element_type=\"widget\" data-settings=\"{&quot;_animation&quot;:&quot;fadeInUp&quot;,&quot;_animation_delay&quot;:100}\" data-widget_type=\"image.default\">\n\t\t\t\t<div class=\"elementor-widget-container\">\n\t\t\t\t\t\t\t\t\t\t\t\t\t\t\t<img decoding=\"async\" src=\"https:\/\/aromabistroo.ee\/wp-content\/uploads\/2025\/01\/250113_Aroma_Erlend_Staub197-scaled-e1737973571869.jpg\" title=\"250113_Aroma_Erlend_S\u030ctaub197\" alt=\"250113_Aroma_Erlend_S\u030ctaub197\" loading=\"lazy\" \/>\t\t\t\t\t\t\t\t\t\t\t\t\t\t\t<\/div>\n\t\t\t\t<\/div>\n\t\t\t\t<div class=\"elementor-element elementor-element-cdde4a9 elementor-hidden-mobile elementor-widget elementor-widget-spacer\" data-id=\"cdde4a9\" data-element_type=\"widget\" data-widget_type=\"spacer.default\">\n\t\t\t\t<div class=\"elementor-widget-container\">\n\t\t\t\t\t\t\t<div class=\"elementor-spacer\">\n\t\t\t<div class=\"elementor-spacer-inner\"><\/div>\n\t\t<\/div>\n\t\t\t\t\t\t<\/div>\n\t\t\t\t<\/div>\n\t\t\t\t<\/div>\n\t\t\t\t<\/div>\n\t\t\t\t<\/div>\n\t\t<div class=\"elementor-element elementor-element-4dee59b e-con-full e-flex e-con e-child\" data-id=\"4dee59b\" data-element_type=\"container\">\n\t\t\t\t<div class=\"elementor-element elementor-element-1bdc813 elementor-widget elementor-widget-pt_title\" data-id=\"1bdc813\" data-element_type=\"widget\" data-widget_type=\"pt_title.default\">\n\t\t\t\t<div class=\"elementor-widget-container\">\n\t\t\t\t\t\n        <div class=\"pt-title-wrap\">\t            <div class=\"pt-subtitle-wrap\"><span class=\"pt-subtitle style-bordered\">Aroma bistroo<\/span><\/div>\t            <h5 class=\"pt-title\">\n\t                VISIT US\t            <\/h5>\t            <div class=\"pt-title-text\">\n\t                <p><a href=\"https:\/\/www.google.com\/maps\/@59.4296673,24.7592003,18.5z?entry=ttu&amp;g_ep=EgoyMDI0MTExMC4wIKXMDSoASAFQAw\" target=\"_blank\" rel=\"noopener\">Veski 1, Tallinn, 10132<\/a><\/p><p>+372 600 5200<\/p><p><a href=\"mailto:info@aromabistroo.ee\">info@aromabistroo.ee<\/a><\/p>\t            <\/div>                <div class=\"pt-title-btn\">\n                    <a class=\"button elementor-button-link pt-btn-outline\" role=\"button\" href=\"https:\/\/book.dinnerbooking.com\/ee\/et-EE\/book\/index\/3994\/2\" target=\"_blank\">\n                        <span class=\"pt-btn-text\">Book a table<\/span>\n                    <\/a>\n                <\/div>\n                    <\/div>\t\t\t\t<\/div>\n\t\t\t\t<\/div>\n\t\t\t\t<\/div>\n\t\t\t\t\t<\/div>\n\t\t\t\t<\/div>\n\t\t<div class=\"elementor-element elementor-element-31ea1f9 e-con-full pt-section-content-fullwidth e-flex e-con e-parent\" data-id=\"31ea1f9\" data-element_type=\"container\">\n\t\t\t\t<div class=\"elementor-element elementor-element-e64bb5a elementor-widget elementor-widget-pt_instagram\" data-id=\"e64bb5a\" data-element_type=\"widget\" data-widget_type=\"pt_instagram.default\">\n\t\t\t\t<div class=\"elementor-widget-container\">\n\t\t\t\t\t\n        <div class=\"pt-instagram column-mosaic small-gap\">\t                <div class=\"pt-instagram-title\">\t                        <a href=\"https:\/\/www.instagram.com\/aroma_bistroo\/\" target=\"_blank\">@aroma_bistroo\t                        <\/a>\t                <\/div>\t                <ul>\t                        <li><div class=\"feed-bg\" style=\"background-image:url(https:\/\/aromabistroo.ee\/wp-content\/uploads\/2025\/10\/saal-13-of-13-1024x683.jpg);\"><\/div><\/li>\t                        <li><div class=\"feed-bg\" style=\"background-image:url(https:\/\/aromabistroo.ee\/wp-content\/uploads\/2025\/10\/saal-12-of-13-1024x683.jpg);\"><\/div><\/li>\t                        <li><div class=\"feed-bg\" style=\"background-image:url(https:\/\/aromabistroo.ee\/wp-content\/uploads\/2025\/10\/saal-6-of-13-1024x683.jpg);\"><\/div><\/li>\t                        <li><div class=\"feed-bg\" style=\"background-image:url(https:\/\/aromabistroo.ee\/wp-content\/uploads\/2025\/10\/saal-8-of-13-1024x683.jpg);\"><\/div><\/li>\t                        <li><div class=\"feed-bg\" style=\"background-image:url(https:\/\/aromabistroo.ee\/wp-content\/uploads\/2025\/10\/saal-4-of-13-683x1024.jpg);\"><\/div><\/li>\t                        <li><div class=\"feed-bg\" style=\"background-image:url(https:\/\/aromabistroo.ee\/wp-content\/uploads\/2025\/10\/saal-5-of-13-1024x683.jpg);\"><\/div><\/li>\t                <\/ul>        <\/div>\t\t\t\t<\/div>\n\t\t\t\t<\/div>\n\t\t\t\t<\/div>\n\t\t\t\t<\/div>","protected":false},"excerpt":{"rendered":"<p>Tere tulemast aromasse Vahemere maitsed ja hetked Arteri kvartali, 1. korruse aatrium Hommikus\u00f6\u00f6k L\u00f5unas\u00f6\u00f6k A la Carte Koogid Joogikaart Aroma bistroo Maitsete teekond Aroma on koht, kus kohtuvad h\u00f5rgutavad Vahemere maitsed, sooja atmosf\u00e4\u00e4riga ruumid ja tipptasemel k\u00fclalislahkus. Falstaffi Aasta Kokk Silver Saa ning toitlustusettev\u00f5tja Toomas Lillemets avavad Arteri kvartalis pagarikoja ja restorani, mis pakub autentset &#8230;<\/p>","protected":false},"author":1,"featured_media":0,"parent":0,"menu_order":0,"comment_status":"closed","ping_status":"closed","template":"template-wide-content.php","meta":{"patiotime_single_page_hide_site_header":"","patiotime_single_page_site_header_source":"","patiotime_single_page_custom_site_header":"","patiotime_single_page_custom_sticky_site_header":"","patiotime_single_page_custom_page_title_margin_top_source":"","patiotime_single_page_custom_page_title_desktop_margin_top":"","patiotime_single_page_custom_page_title_tablet_margin_top":"","patiotime_single_page_custom_page_title_mobile_margin_top":"","patiotime_single_page_hide_page_title":"on","patiotime_single_page_header_section_size":"","patiotime_single_page_header_background_color":"","patiotime_single_page_header_background_position_x":"center","patiotime_single_page_header_background_position_y":"center","patiotime_single_page_header_background_size":"cover","patiotime_single_page_header_background_repeat":"off","patiotime_single_page_header_background_scroll":"on","patiotime_single_page_header_text_color":"","patiotime_single_page_header_show_breadcrumb":"","patiotime_single_page_site_footer_hide_main":"","patiotime_single_custom_site_footer_main_source":"","patiotime_single_custom_site_footer_main":"","patiotime_single_page_site_footer_hide_above":"","patiotime_single_custom_site_footer_above_source":"","patiotime_single_custom_site_footer_above":"","patiotime_single_page_site_footer_hide_instagram":"","patiotime_single_page_site_footer_hide_bottom":"","patiotime_single_custom_mobile_menu_source":"","patiotime_single_custom_mobile_menu":"","patiotime_single_custom_mobile_menu_animation":"","patiotime_single_custom_mobile_menu_width":"","patiotime_single_custom_mobile_menu_custom_width":375,"footnotes":""},"class_list":["post-4888","page","type-page","status-publish","hentry"],"_links":{"self":[{"href":"https:\/\/aromabistroo.ee\/en\/wp-json\/wp\/v2\/pages\/4888","targetHints":{"allow":["GET"]}}],"collection":[{"href":"https:\/\/aromabistroo.ee\/en\/wp-json\/wp\/v2\/pages"}],"about":[{"href":"https:\/\/aromabistroo.ee\/en\/wp-json\/wp\/v2\/types\/page"}],"author":[{"embeddable":true,"href":"https:\/\/aromabistroo.ee\/en\/wp-json\/wp\/v2\/users\/1"}],"replies":[{"embeddable":true,"href":"https:\/\/aromabistroo.ee\/en\/wp-json\/wp\/v2\/comments?post=4888"}],"version-history":[{"count":332,"href":"https:\/\/aromabistroo.ee\/en\/wp-json\/wp\/v2\/pages\/4888\/revisions"}],"predecessor-version":[{"id":8102,"href":"https:\/\/aromabistroo.ee\/en\/wp-json\/wp\/v2\/pages\/4888\/revisions\/8102"}],"wp:attachment":[{"href":"https:\/\/aromabistroo.ee\/en\/wp-json\/wp\/v2\/media?parent=4888"}],"curies":[{"name":"wp","href":"https:\/\/api.w.org\/{rel}","templated":true}]}}